{"id":18270,"date":"2022-11-29T08:49:10","date_gmt":"2022-11-29T08:49:10","guid":{"rendered":"https:\/\/www.clarkdoor.com\/clark-door-projectos-internacionais\/"},"modified":"2023-06-19T16:55:06","modified_gmt":"2023-06-19T15:55:06","slug":"clark-door-projectos-internacionais","status":"publish","type":"page","link":"https:\/\/www.clarkdoor.com\/pt-br\/clark-door-projectos-internacionais\/","title":{"rendered":"Clark Door Projectos Internacionais"},"content":{"rendered":"[vc_row type=&#8221;in_container&#8221; full_screen_row_position=&#8221;middle&#8221; column_margin=&#8221;default&#8221; column_direction=&#8221;default&#8221; column_direction_tablet=&#8221;default&#8221; column_direction_phone=&#8221;default&#8221; scene_position=&#8221;center&#8221; text_color=&#8221;dark&#8221; text_align=&#8221;left&#8221; row_border_radius=&#8221;none&#8221; row_border_radius_applies=&#8221;bg&#8221; overflow=&#8221;visible&#8221; overlay_strength=&#8221;0.3&#8243; gradient_direction=&#8221;left_to_right&#8221; shape_divider_position=&#8221;bottom&#8221; bg_image_animation=&#8221;none&#8221;][vc_column column_padding=&#8221;no-extra-padding&#8221; column_padding_tablet=&#8221;inherit&#8221; column_padding_phone=&#8221;inherit&#8221; column_padding_position=&#8221;all&#8221; column_element_direction_desktop=&#8221;default&#8221; column_element_spacing=&#8221;default&#8221; desktop_text_alignment=&#8221;default&#8221; tablet_text_alignment=&#8221;default&#8221; phone_text_alignment=&#8221;default&#8221; background_color_opacity=&#8221;1&#8243; background_hover_color_opacity=&#8221;1&#8243; column_backdrop_filter=&#8221;none&#8221; column_shadow=&#8221;none&#8221; column_border_radius=&#8221;none&#8221; column_link_target=&#8221;_self&#8221; column_position=&#8221;default&#8221; gradient_direction=&#8221;left_to_right&#8221; overlay_strength=&#8221;0.3&#8243; width=&#8221;1\/1&#8243; tablet_width_inherit=&#8221;default&#8221; animation_type=&#8221;default&#8221; bg_image_animation=&#8221;none&#8221; border_type=&#8221;simple&#8221; column_border_width=&#8221;none&#8221; column_border_style=&#8221;solid&#8221;]\t\t\t\t<div class=\"portfolio-filters-inline full-width-section non-fw\" data-alignment=\"default\" data-color-scheme=\"default\">\n\t\t\t\t\t<div class=\"container \">\n\t\t\t\t\t\t <span id=\"current-category\">All<\/span> \t\t\t\t\t\t<ul>\n\t\t\t\t\t\t\t <li id=\"sort-label\">Sort Portfolio:<\/li> \t\t\t\t\t\t\t\t<li><a href=\"#\" data-filter=\"*\">All<\/a><\/li>\n\t\t\t\t\t\t\t\t<li><a href=\"#\" data-filter=\".arenas-e-centros-de-convencoes\">ARENAS E CENTROS DE CONVEN\u00c7\u00d5ES<\/a><\/li>\n<li><a href=\"#\" data-filter=\".artes-do-espectaculo\">ARTES DO ESPECT\u00c1CULO<\/a><\/li>\n<li><a href=\"#\" data-filter=\".estudios-de-cinema-televisao-e-gravacao\">EST\u00daDIOS DE CINEMA, TELEVIS\u00c3O E GRAVA\u00c7\u00c3O<\/a><\/li>\n<li><a href=\"#\" data-filter=\".industria-pt-br\">IND\u00daSTRIA<\/a><\/li>\n<li><a href=\"#\" data-filter=\".museus-e-galerias\">MUSEUS E GALERIAS<\/a><\/li>\n<li><a href=\"#\" data-filter=\".pt-br\">PT-BR<\/a><\/li>\n\t\t\t\t\t\t\t<\/ul>\n\t\t\t\t\t\t\t<div class=\"clear\"><\/div>\n\t\t\t\t\t\t<\/div>\n\t\t\t\t\t<\/div>\n\t\t\t\t\n\n\n\t\t\t\t<div class=\"portfolio-wrap \">\n\n\t\t\t\t\t\n\t\t\t\t\t<span class=\"portfolio-loading  none\">   <\/span>\n\n\t\t\t\t\t\n\t\t\t\t\t<div class=\"row portfolio-items no-masonry  \" data-rcp=\"false\" data-masonry-type=\"default\" data-ps=\"8\" data-starting-filter=\"default\" data-gutter=\"default\" data-categories-to-show=\"pt-br\" data-bypass-cropping=\"\" data-lightbox-only=\"0\" data-col-num=\"cols-3\">\n\t\t\t\t\t\t\n\t\t\t\t\t\t\n\t\t\t\t\t\t<div class=\"col span_4  element artes-do-espectaculo pt-br \"  data-project-cat=\"artes-do-espectaculo pt-br \" data-default-color=\"true\" data-title-color=\"\" data-subtitle-color=\"\">\n\n\t\t\t\t\t\t\t<div class=\"inner-wrap animated\" data-animation=\"fade_in\">\n\n\t\t\t\t\t\t\t\t\n\t\t\t\t\t\t\t\t\t<div class=\"work-item style-2\" data-custom-content=\"off\">\n\n\t\t\t\t\t\t\t\t\t\t<img decoding=\"async\" class=\"size- skip-lazy\" src=\"https:\/\/www.clarkdoor.com\/wp-content\/uploads\/2019\/08\/ROH-Muscat-iStock-1287308746-600x403.jpg\" alt=\"\" height=\"403\" width=\"600\" srcset=\"https:\/\/www.clarkdoor.com\/wp-content\/uploads\/2019\/08\/ROH-Muscat-iStock-1287308746-900x604.jpg 900w, https:\/\/www.clarkdoor.com\/wp-content\/uploads\/2019\/08\/ROH-Muscat-iStock-1287308746-600x403.jpg 600w, https:\/\/www.clarkdoor.com\/wp-content\/uploads\/2019\/08\/ROH-Muscat-iStock-1287308746-400x269.jpg 400w\" sizes=\"(min-width: 1000px) 33.3vw, (min-width: 690px) 50vw, 100vw\" \/>\n\t\t\t\t\t\t\t\t\t\t<div class=\"work-info-bg\"><\/div>\n\t\t\t\t\t\t\t\t\t\t<div class=\"work-info\">\n\n\t\t\t\t\t\t\t\t\t\t\t\n\n\t\t\t\t\t\t\t\t\t\t\t\t\n\t\t\t\t\t\t\t\t\t\t\t\t\t<a href=\"https:\/\/www.clarkdoor.com\/pt-br\/portfolio\/casa-real-de-opera-oma\/\"><span class=\"screen-reader-text\">Casa Real De \u00d3pera, Om\u00e3<\/span><\/a>\n\n\t\t\t\t\t\t\t\t\t\t\t\t\n\n\t\t\t\t\t\t\t\t\t\t\t<div class=\"vert-center\">\n\t\t\t\t\t\t\t\t\t\t\t\t\t\t\t\t\t\t\t\t\t\t\t\t\t\t\t\t\t\t\t\t\t\t\t\t\t\t<h3>Casa Real De \u00d3pera, Om\u00e3<\/h3>\n\n\t\t\t\t\t\t\t\t\t\t\t\t\t<svg class=\"next-arrow\" xmlns=\"http:\/\/www.w3.org\/2000\/svg\" xmlns:xlink=\"http:\/\/www.w3.org\/1999\/xlink\" viewBox=\"0 0 39 12\"><line class=\"top\" x1=\"23\" y1=\"-0.5\" x2=\"29.5\" y2=\"6.5\" stroke=\"#ffffff;\"\/><line class=\"bottom\" x1=\"23\" y1=\"12.5\" x2=\"29.5\" y2=\"5.5\" stroke=\"#ffffff;\"\/><\/svg><span class=\"line\"><\/span><\/span>\n\n\t\t\t\t\t\t\t\t\t\t\t\t\t\t\t\t\t\t\t\t\t\t\t<\/div><!--\/vert-center-->\n\n\t\t\t\t\t\t\t\t\t\t<\/div>\n\t\t\t\t\t\t\t\t\t<\/div><!--work-item-->\n\n\t\t\t\t\t\t\t\t\n\n\t\t\t\t\t\t\t<\/div><!--\/inner-wrap-->\n\t\t\t\t\t\t<\/div><!--\/col-->\n\n\t\t\t\t\t\n\t\t\t\t\t\t\n\t\t\t\t\t\t<div class=\"col span_4  element arenas-e-centros-de-convencoes pt-br \"  data-project-cat=\"arenas-e-centros-de-convencoes pt-br \" data-default-color=\"true\" data-title-color=\"\" data-subtitle-color=\"\">\n\n\t\t\t\t\t\t\t<div class=\"inner-wrap animated\" data-animation=\"fade_in\">\n\n\t\t\t\t\t\t\t\t\n\t\t\t\t\t\t\t\t\t<div class=\"work-item style-2\" data-custom-content=\"off\">\n\n\t\t\t\t\t\t\t\t\t\t<img decoding=\"async\" class=\"size- skip-lazy\" src=\"https:\/\/www.clarkdoor.com\/wp-content\/uploads\/2019\/08\/qncc-1-600x403.jpg\" alt=\"\" height=\"403\" width=\"600\" srcset=\"https:\/\/www.clarkdoor.com\/wp-content\/uploads\/2019\/08\/qncc-1-900x604.jpg 900w, https:\/\/www.clarkdoor.com\/wp-content\/uploads\/2019\/08\/qncc-1-600x403.jpg 600w, https:\/\/www.clarkdoor.com\/wp-content\/uploads\/2019\/08\/qncc-1-400x269.jpg 400w\" sizes=\"(min-width: 1000px) 33.3vw, (min-width: 690px) 50vw, 100vw\" \/>\n\t\t\t\t\t\t\t\t\t\t<div class=\"work-info-bg\"><\/div>\n\t\t\t\t\t\t\t\t\t\t<div class=\"work-info\">\n\n\t\t\t\t\t\t\t\t\t\t\t\n\n\t\t\t\t\t\t\t\t\t\t\t\t\n\t\t\t\t\t\t\t\t\t\t\t\t\t<a href=\"https:\/\/www.clarkdoor.com\/pt-br\/portfolio\/centro-de-convencoes-catar\/\"><span class=\"screen-reader-text\">Centro de Conven\u00e7\u00f5es, Catar<\/span><\/a>\n\n\t\t\t\t\t\t\t\t\t\t\t\t\n\n\t\t\t\t\t\t\t\t\t\t\t<div class=\"vert-center\">\n\t\t\t\t\t\t\t\t\t\t\t\t\t\t\t\t\t\t\t\t\t\t\t\t\t\t\t\t\t\t\t\t\t\t\t\t\t\t<h3>Centro de Conven\u00e7\u00f5es, Catar<\/h3>\n\n\t\t\t\t\t\t\t\t\t\t\t\t\t<svg class=\"next-arrow\" xmlns=\"http:\/\/www.w3.org\/2000\/svg\" xmlns:xlink=\"http:\/\/www.w3.org\/1999\/xlink\" viewBox=\"0 0 39 12\"><line class=\"top\" x1=\"23\" y1=\"-0.5\" x2=\"29.5\" y2=\"6.5\" stroke=\"#ffffff;\"\/><line class=\"bottom\" x1=\"23\" y1=\"12.5\" x2=\"29.5\" y2=\"5.5\" stroke=\"#ffffff;\"\/><\/svg><span class=\"line\"><\/span><\/span>\n\n\t\t\t\t\t\t\t\t\t\t\t\t\t\t\t\t\t\t\t\t\t\t\t<\/div><!--\/vert-center-->\n\n\t\t\t\t\t\t\t\t\t\t<\/div>\n\t\t\t\t\t\t\t\t\t<\/div><!--work-item-->\n\n\t\t\t\t\t\t\t\t\n\n\t\t\t\t\t\t\t<\/div><!--\/inner-wrap-->\n\t\t\t\t\t\t<\/div><!--\/col-->\n\n\t\t\t\t\t\n\t\t\t\t\t\t\n\t\t\t\t\t\t<div class=\"col span_4  element museus-e-galerias pt-br \"  data-project-cat=\"museus-e-galerias pt-br \" data-default-color=\"true\" data-title-color=\"\" data-subtitle-color=\"\">\n\n\t\t\t\t\t\t\t<div class=\"inner-wrap animated\" data-animation=\"fade_in\">\n\n\t\t\t\t\t\t\t\t\n\t\t\t\t\t\t\t\t\t<div class=\"work-item style-2\" data-custom-content=\"off\">\n\n\t\t\t\t\t\t\t\t\t\t<img decoding=\"async\" class=\"size- skip-lazy\" src=\"https:\/\/www.clarkdoor.com\/wp-content\/uploads\/2019\/08\/20120117_IMG_0993-1-600x403.jpg\" alt=\"\" height=\"403\" width=\"600\" srcset=\"https:\/\/www.clarkdoor.com\/wp-content\/uploads\/2019\/08\/20120117_IMG_0993-1-900x604.jpg 900w, https:\/\/www.clarkdoor.com\/wp-content\/uploads\/2019\/08\/20120117_IMG_0993-1-600x403.jpg 600w, https:\/\/www.clarkdoor.com\/wp-content\/uploads\/2019\/08\/20120117_IMG_0993-1-400x269.jpg 400w\" sizes=\"(min-width: 1000px) 33.3vw, (min-width: 690px) 50vw, 100vw\" \/>\n\t\t\t\t\t\t\t\t\t\t<div class=\"work-info-bg\"><\/div>\n\t\t\t\t\t\t\t\t\t\t<div class=\"work-info\">\n\n\t\t\t\t\t\t\t\t\t\t\t\n\n\t\t\t\t\t\t\t\t\t\t\t\t\n\t\t\t\t\t\t\t\t\t\t\t\t\t<a href=\"https:\/\/www.clarkdoor.com\/pt-br\/portfolio\/torre-arcelor-mittal-orbital-londres\/\"><span class=\"screen-reader-text\">Torre Arcelor Mittal Orbital &#8211; Londres<\/span><\/a>\n\n\t\t\t\t\t\t\t\t\t\t\t\t\n\n\t\t\t\t\t\t\t\t\t\t\t<div class=\"vert-center\">\n\t\t\t\t\t\t\t\t\t\t\t\t\t\t\t\t\t\t\t\t\t\t\t\t\t\t\t\t\t\t\t\t\t\t\t\t\t\t<h3>Torre Arcelor Mittal Orbital &#8211; Londres<\/h3>\n\n\t\t\t\t\t\t\t\t\t\t\t\t\t<svg class=\"next-arrow\" xmlns=\"http:\/\/www.w3.org\/2000\/svg\" xmlns:xlink=\"http:\/\/www.w3.org\/1999\/xlink\" viewBox=\"0 0 39 12\"><line class=\"top\" x1=\"23\" y1=\"-0.5\" x2=\"29.5\" y2=\"6.5\" stroke=\"#ffffff;\"\/><line class=\"bottom\" x1=\"23\" y1=\"12.5\" x2=\"29.5\" y2=\"5.5\" stroke=\"#ffffff;\"\/><\/svg><span class=\"line\"><\/span><\/span>\n\n\t\t\t\t\t\t\t\t\t\t\t\t\t\t\t\t\t\t\t\t\t\t\t<\/div><!--\/vert-center-->\n\n\t\t\t\t\t\t\t\t\t\t<\/div>\n\t\t\t\t\t\t\t\t\t<\/div><!--work-item-->\n\n\t\t\t\t\t\t\t\t\n\n\t\t\t\t\t\t\t<\/div><!--\/inner-wrap-->\n\t\t\t\t\t\t<\/div><!--\/col-->\n\n\t\t\t\t\t\n\t\t\t\t\t\t\n\t\t\t\t\t\t<div class=\"col span_4  element industria-pt-br pt-br \"  data-project-cat=\"industria-pt-br pt-br \" data-default-color=\"true\" data-title-color=\"\" data-subtitle-color=\"\">\n\n\t\t\t\t\t\t\t<div class=\"inner-wrap animated\" data-animation=\"fade_in\">\n\n\t\t\t\t\t\t\t\t\n\t\t\t\t\t\t\t\t\t<div class=\"work-item style-2\" data-custom-content=\"off\">\n\n\t\t\t\t\t\t\t\t\t\t<img decoding=\"async\" class=\"size- skip-lazy\" src=\"https:\/\/www.clarkdoor.com\/wp-content\/uploads\/2019\/08\/Triple-Leaf-Vertical-Sliding-Acoustic-Fire-Rated-doors-Alcoa-Iceland-1-600x403.jpg\" alt=\"\" height=\"403\" width=\"600\" srcset=\"https:\/\/www.clarkdoor.com\/wp-content\/uploads\/2019\/08\/Triple-Leaf-Vertical-Sliding-Acoustic-Fire-Rated-doors-Alcoa-Iceland-1-900x576.jpg 900w, https:\/\/www.clarkdoor.com\/wp-content\/uploads\/2019\/08\/Triple-Leaf-Vertical-Sliding-Acoustic-Fire-Rated-doors-Alcoa-Iceland-1-600x403.jpg 600w, https:\/\/www.clarkdoor.com\/wp-content\/uploads\/2019\/08\/Triple-Leaf-Vertical-Sliding-Acoustic-Fire-Rated-doors-Alcoa-Iceland-1-400x269.jpg 400w\" sizes=\"(min-width: 1000px) 33.3vw, (min-width: 690px) 50vw, 100vw\" \/>\n\t\t\t\t\t\t\t\t\t\t<div class=\"work-info-bg\"><\/div>\n\t\t\t\t\t\t\t\t\t\t<div class=\"work-info\">\n\n\t\t\t\t\t\t\t\t\t\t\t\n\n\t\t\t\t\t\t\t\t\t\t\t\t\n\t\t\t\t\t\t\t\t\t\t\t\t\t<a href=\"https:\/\/www.clarkdoor.com\/pt-br\/portfolio\/fundicao-islandia\/\"><span class=\"screen-reader-text\">Fundi\u00e7\u00e3o &#8211; Isl\u00e2ndia<\/span><\/a>\n\n\t\t\t\t\t\t\t\t\t\t\t\t\n\n\t\t\t\t\t\t\t\t\t\t\t<div class=\"vert-center\">\n\t\t\t\t\t\t\t\t\t\t\t\t\t\t\t\t\t\t\t\t\t\t\t\t\t\t\t\t\t\t\t\t\t\t\t\t\t\t<h3>Fundi\u00e7\u00e3o &#8211; Isl\u00e2ndia<\/h3>\n\n\t\t\t\t\t\t\t\t\t\t\t\t\t<svg class=\"next-arrow\" xmlns=\"http:\/\/www.w3.org\/2000\/svg\" xmlns:xlink=\"http:\/\/www.w3.org\/1999\/xlink\" viewBox=\"0 0 39 12\"><line class=\"top\" x1=\"23\" y1=\"-0.5\" x2=\"29.5\" y2=\"6.5\" stroke=\"#ffffff;\"\/><line class=\"bottom\" x1=\"23\" y1=\"12.5\" x2=\"29.5\" y2=\"5.5\" stroke=\"#ffffff;\"\/><\/svg><span class=\"line\"><\/span><\/span>\n\n\t\t\t\t\t\t\t\t\t\t\t\t\t\t\t\t\t\t\t\t\t\t\t<\/div><!--\/vert-center-->\n\n\t\t\t\t\t\t\t\t\t\t<\/div>\n\t\t\t\t\t\t\t\t\t<\/div><!--work-item-->\n\n\t\t\t\t\t\t\t\t\n\n\t\t\t\t\t\t\t<\/div><!--\/inner-wrap-->\n\t\t\t\t\t\t<\/div><!--\/col-->\n\n\t\t\t\t\t\n\t\t\t\t\t\t\n\t\t\t\t\t\t<div class=\"col span_4  element estudios-de-cinema-televisao-e-gravacao pt-br \"  data-project-cat=\"estudios-de-cinema-televisao-e-gravacao pt-br \" data-default-color=\"true\" data-title-color=\"\" data-subtitle-color=\"\">\n\n\t\t\t\t\t\t\t<div class=\"inner-wrap animated\" data-animation=\"fade_in\">\n\n\t\t\t\t\t\t\t\t\n\t\t\t\t\t\t\t\t\t<div class=\"work-item style-2\" data-custom-content=\"off\">\n\n\t\t\t\t\t\t\t\t\t\t<img decoding=\"async\" class=\"size- skip-lazy\" src=\"https:\/\/www.clarkdoor.com\/wp-content\/uploads\/2019\/07\/BBC-Scotland-600x403.jpg\" alt=\"\" height=\"403\" width=\"600\" srcset=\"https:\/\/www.clarkdoor.com\/wp-content\/uploads\/2019\/07\/BBC-Scotland-900x604.jpg 900w, https:\/\/www.clarkdoor.com\/wp-content\/uploads\/2019\/07\/BBC-Scotland-600x403.jpg 600w, https:\/\/www.clarkdoor.com\/wp-content\/uploads\/2019\/07\/BBC-Scotland-400x269.jpg 400w\" sizes=\"(min-width: 1000px) 33.3vw, (min-width: 690px) 50vw, 100vw\" \/>\n\t\t\t\t\t\t\t\t\t\t<div class=\"work-info-bg\"><\/div>\n\t\t\t\t\t\t\t\t\t\t<div class=\"work-info\">\n\n\t\t\t\t\t\t\t\t\t\t\t\n\n\t\t\t\t\t\t\t\t\t\t\t\t\n\t\t\t\t\t\t\t\t\t\t\t\t\t<a href=\"https:\/\/www.clarkdoor.com\/pt-br\/portfolio\/bbc-escocia-glasgow\/\"><span class=\"screen-reader-text\">BBC Esc\u00f3cia &#8211; Glasgow<\/span><\/a>\n\n\t\t\t\t\t\t\t\t\t\t\t\t\n\n\t\t\t\t\t\t\t\t\t\t\t<div class=\"vert-center\">\n\t\t\t\t\t\t\t\t\t\t\t\t\t\t\t\t\t\t\t\t\t\t\t\t\t\t\t\t\t\t\t\t\t\t\t\t\t\t<h3>BBC Esc\u00f3cia &#8211; Glasgow<\/h3>\n\n\t\t\t\t\t\t\t\t\t\t\t\t\t<svg class=\"next-arrow\" xmlns=\"http:\/\/www.w3.org\/2000\/svg\" xmlns:xlink=\"http:\/\/www.w3.org\/1999\/xlink\" viewBox=\"0 0 39 12\"><line class=\"top\" x1=\"23\" y1=\"-0.5\" x2=\"29.5\" y2=\"6.5\" stroke=\"#ffffff;\"\/><line class=\"bottom\" x1=\"23\" y1=\"12.5\" x2=\"29.5\" y2=\"5.5\" stroke=\"#ffffff;\"\/><\/svg><span class=\"line\"><\/span><\/span>\n\n\t\t\t\t\t\t\t\t\t\t\t\t\t\t\t\t\t\t\t\t\t\t\t<\/div><!--\/vert-center-->\n\n\t\t\t\t\t\t\t\t\t\t<\/div>\n\t\t\t\t\t\t\t\t\t<\/div><!--work-item-->\n\n\t\t\t\t\t\t\t\t\n\n\t\t\t\t\t\t\t<\/div><!--\/inner-wrap-->\n\t\t\t\t\t\t<\/div><!--\/col-->\n\n\t\t\t\t\t\n\t\t\t\t<\/div><!--\/portfolio-->\n\t\t\t<\/div><!--\/portfolio wrap-->\n\n\t\t\t[\/vc_column][\/vc_row]\n","protected":false},"excerpt":{"rendered":"<p>[vc_row type=&#8221;in_container&#8221; full_screen_row_position=&#8221;middle&#8221; column_margin=&#8221;default&#8221; column_direction=&#8221;default&#8221; column_direction_tablet=&#8221;default&#8221; column_direction_phone=&#8221;default&#8221; scene_position=&#8221;center&#8221; text_color=&#8221;dark&#8221; text_align=&#8221;left&#8221; row_border_radius=&#8221;none&#8221; row_border_radius_applies=&#8221;bg&#8221; overflow=&#8221;visible&#8221; overlay_strength=&#8221;0.3&#8243; gradient_direction=&#8221;left_to_right&#8221; shape_divider_position=&#8221;bottom&#8221; bg_image_animation=&#8221;none&#8221;][vc_column column_padding=&#8221;no-extra-padding&#8221; column_padding_tablet=&#8221;inherit&#8221; column_padding_phone=&#8221;inherit&#8221; column_padding_position=&#8221;all&#8221; column_element_direction_desktop=&#8221;default&#8221; column_element_spacing=&#8221;default&#8221; desktop_text_alignment=&#8221;default&#8221; tablet_text_alignment=&#8221;default&#8221; phone_text_alignment=&#8221;default&#8221; background_color_opacity=&#8221;1&#8243; background_hover_color_opacity=&#8221;1&#8243; column_backdrop_filter=&#8221;none&#8221; column_shadow=&#8221;none&#8221;&#8230;<\/p>\n","protected":false},"author":1,"featured_media":0,"parent":0,"menu_order":3,"comment_status":"closed","ping_status":"closed","template":"","meta":{"_monsterinsights_skip_tracking":false,"_monsterinsights_sitenote_active":false,"_monsterinsights_sitenote_note":"","_monsterinsights_sitenote_category":0,"_uf_show_specific_survey":0,"_uf_disable_surveys":false,"footnotes":""},"class_list":["post-18270","page","type-page","status-publish"],"yoast_head":"<!-- This site is optimized with the Yoast SEO plugin v26.7 - https:\/\/yoast.com\/wordpress\/plugins\/seo\/ -->\n<title>Clark Door Projectos Internacionais - Clark Door<\/title>\n<meta name=\"description\" content=\"A Clark Door j\u00e1 projetou, fabricou e instalou portas para fins especiais em mais de 50 pa\u00edses at\u00e9 o momento.\" \/>\n<meta name=\"robots\" content=\"index, follow, max-snippet:-1, max-image-preview:large, max-video-preview:-1\" \/>\n<link rel=\"canonical\" href=\"https:\/\/www.clarkdoor.com\/pt-br\/clark-door-projectos-internacionais\/\" \/>\n<meta property=\"og:locale\" content=\"pt_BR\" \/>\n<meta property=\"og:type\" content=\"article\" \/>\n<meta property=\"og:title\" content=\"Clark Door Projectos Internacionais - Clark Door\" \/>\n<meta property=\"og:description\" content=\"A Clark Door j\u00e1 projetou, fabricou e instalou portas para fins especiais em mais de 50 pa\u00edses at\u00e9 o momento.\" \/>\n<meta property=\"og:url\" content=\"https:\/\/www.clarkdoor.com\/pt-br\/clark-door-projectos-internacionais\/\" \/>\n<meta property=\"og:site_name\" content=\"Clark Door\" \/>\n<meta property=\"article:publisher\" content=\"https:\/\/www.facebook.com\/clarkdoorltd\" \/>\n<meta property=\"article:modified_time\" content=\"2023-06-19T15:55:06+00:00\" \/>\n<meta property=\"og:image\" content=\"https:\/\/www.clarkdoor.com\/wp-content\/uploads\/2023\/04\/R0A9205.jpg\" \/>\n\t<meta property=\"og:image:width\" content=\"1500\" \/>\n\t<meta property=\"og:image:height\" content=\"1000\" \/>\n\t<meta property=\"og:image:type\" content=\"image\/jpeg\" \/>\n<meta name=\"twitter:card\" content=\"summary_large_image\" \/>\n<meta name=\"twitter:label1\" content=\"Est. tempo de leitura\" \/>\n\t<meta name=\"twitter:data1\" content=\"1 minuto\" \/>\n<script type=\"application\/ld+json\" class=\"yoast-schema-graph\">{\"@context\":\"https:\/\/schema.org\",\"@graph\":[{\"@type\":\"WebPage\",\"@id\":\"https:\/\/www.clarkdoor.com\/pt-br\/clark-door-projectos-internacionais\/\",\"url\":\"https:\/\/www.clarkdoor.com\/pt-br\/clark-door-projectos-internacionais\/\",\"name\":\"Clark Door Projectos Internacionais - Clark Door\",\"isPartOf\":{\"@id\":\"https:\/\/www.clarkdoor.com\/pt-br\/#website\"},\"datePublished\":\"2022-11-29T08:49:10+00:00\",\"dateModified\":\"2023-06-19T15:55:06+00:00\",\"description\":\"A Clark Door j\u00e1 projetou, fabricou e instalou portas para fins especiais em mais de 50 pa\u00edses at\u00e9 o momento.\",\"breadcrumb\":{\"@id\":\"https:\/\/www.clarkdoor.com\/pt-br\/clark-door-projectos-internacionais\/#breadcrumb\"},\"inLanguage\":\"pt-BR\",\"potentialAction\":[{\"@type\":\"ReadAction\",\"target\":[\"https:\/\/www.clarkdoor.com\/pt-br\/clark-door-projectos-internacionais\/\"]}]},{\"@type\":\"BreadcrumbList\",\"@id\":\"https:\/\/www.clarkdoor.com\/pt-br\/clark-door-projectos-internacionais\/#breadcrumb\",\"itemListElement\":[{\"@type\":\"ListItem\",\"position\":1,\"name\":\"Home\",\"item\":\"https:\/\/www.clarkdoor.com\/pt-br\/\"},{\"@type\":\"ListItem\",\"position\":2,\"name\":\"Clark Door Projectos Internacionais\"}]},{\"@type\":\"WebSite\",\"@id\":\"https:\/\/www.clarkdoor.com\/pt-br\/#website\",\"url\":\"https:\/\/www.clarkdoor.com\/pt-br\/\",\"name\":\"Clark Door The Market Leader in Special Purpose Door Systems\",\"description\":\"The Market Leader in Special Purpose Door Systems\",\"alternateName\":\"Clark Door\",\"potentialAction\":[{\"@type\":\"SearchAction\",\"target\":{\"@type\":\"EntryPoint\",\"urlTemplate\":\"https:\/\/www.clarkdoor.com\/pt-br\/?s={search_term_string}\"},\"query-input\":{\"@type\":\"PropertyValueSpecification\",\"valueRequired\":true,\"valueName\":\"search_term_string\"}}],\"inLanguage\":\"pt-BR\"}]}<\/script>\n<!-- \/ Yoast SEO plugin. -->","yoast_head_json":{"title":"Clark Door Projectos Internacionais - Clark Door","description":"A Clark Door j\u00e1 projetou, fabricou e instalou portas para fins especiais em mais de 50 pa\u00edses at\u00e9 o momento.","robots":{"index":"index","follow":"follow","max-snippet":"max-snippet:-1","max-image-preview":"max-image-preview:large","max-video-preview":"max-video-preview:-1"},"canonical":"https:\/\/www.clarkdoor.com\/pt-br\/clark-door-projectos-internacionais\/","og_locale":"pt_BR","og_type":"article","og_title":"Clark Door Projectos Internacionais - Clark Door","og_description":"A Clark Door j\u00e1 projetou, fabricou e instalou portas para fins especiais em mais de 50 pa\u00edses at\u00e9 o momento.","og_url":"https:\/\/www.clarkdoor.com\/pt-br\/clark-door-projectos-internacionais\/","og_site_name":"Clark Door","article_publisher":"https:\/\/www.facebook.com\/clarkdoorltd","article_modified_time":"2023-06-19T15:55:06+00:00","og_image":[{"width":1500,"height":1000,"url":"https:\/\/www.clarkdoor.com\/wp-content\/uploads\/2023\/04\/R0A9205.jpg","type":"image\/jpeg"}],"twitter_card":"summary_large_image","twitter_misc":{"Est. tempo de leitura":"1 minuto"},"schema":{"@context":"https:\/\/schema.org","@graph":[{"@type":"WebPage","@id":"https:\/\/www.clarkdoor.com\/pt-br\/clark-door-projectos-internacionais\/","url":"https:\/\/www.clarkdoor.com\/pt-br\/clark-door-projectos-internacionais\/","name":"Clark Door Projectos Internacionais - Clark Door","isPartOf":{"@id":"https:\/\/www.clarkdoor.com\/pt-br\/#website"},"datePublished":"2022-11-29T08:49:10+00:00","dateModified":"2023-06-19T15:55:06+00:00","description":"A Clark Door j\u00e1 projetou, fabricou e instalou portas para fins especiais em mais de 50 pa\u00edses at\u00e9 o momento.","breadcrumb":{"@id":"https:\/\/www.clarkdoor.com\/pt-br\/clark-door-projectos-internacionais\/#breadcrumb"},"inLanguage":"pt-BR","potentialAction":[{"@type":"ReadAction","target":["https:\/\/www.clarkdoor.com\/pt-br\/clark-door-projectos-internacionais\/"]}]},{"@type":"BreadcrumbList","@id":"https:\/\/www.clarkdoor.com\/pt-br\/clark-door-projectos-internacionais\/#breadcrumb","itemListElement":[{"@type":"ListItem","position":1,"name":"Home","item":"https:\/\/www.clarkdoor.com\/pt-br\/"},{"@type":"ListItem","position":2,"name":"Clark Door Projectos Internacionais"}]},{"@type":"WebSite","@id":"https:\/\/www.clarkdoor.com\/pt-br\/#website","url":"https:\/\/www.clarkdoor.com\/pt-br\/","name":"Clark Door The Market Leader in Special Purpose Door Systems","description":"The Market Leader in Special Purpose Door Systems","alternateName":"Clark Door","potentialAction":[{"@type":"SearchAction","target":{"@type":"EntryPoint","urlTemplate":"https:\/\/www.clarkdoor.com\/pt-br\/?s={search_term_string}"},"query-input":{"@type":"PropertyValueSpecification","valueRequired":true,"valueName":"search_term_string"}}],"inLanguage":"pt-BR"}]}},"_links":{"self":[{"href":"https:\/\/www.clarkdoor.com\/pt-br\/wp-json\/wp\/v2\/pages\/18270","targetHints":{"allow":["GET"]}}],"collection":[{"href":"https:\/\/www.clarkdoor.com\/pt-br\/wp-json\/wp\/v2\/pages"}],"about":[{"href":"https:\/\/www.clarkdoor.com\/pt-br\/wp-json\/wp\/v2\/types\/page"}],"author":[{"embeddable":true,"href":"https:\/\/www.clarkdoor.com\/pt-br\/wp-json\/wp\/v2\/users\/1"}],"replies":[{"embeddable":true,"href":"https:\/\/www.clarkdoor.com\/pt-br\/wp-json\/wp\/v2\/comments?post=18270"}],"version-history":[{"count":3,"href":"https:\/\/www.clarkdoor.com\/pt-br\/wp-json\/wp\/v2\/pages\/18270\/revisions"}],"predecessor-version":[{"id":18298,"href":"https:\/\/www.clarkdoor.com\/pt-br\/wp-json\/wp\/v2\/pages\/18270\/revisions\/18298"}],"wp:attachment":[{"href":"https:\/\/www.clarkdoor.com\/pt-br\/wp-json\/wp\/v2\/media?parent=18270"}],"curies":[{"name":"wp","href":"https:\/\/api.w.org\/{rel}","templated":true}]}}