{"id":19750,"date":"2025-07-21T11:04:07","date_gmt":"2025-07-21T10:04:07","guid":{"rendered":"https:\/\/www.clarkdoor.com\/imprint\/"},"modified":"2025-07-21T11:04:07","modified_gmt":"2025-07-21T10:04:07","slug":"imprint","status":"publish","type":"page","link":"https:\/\/www.clarkdoor.com\/pt-br\/imprint\/","title":{"rendered":"Imprint"},"content":{"rendered":"\n<!-- Legal document generated by Complianz | GDPR\/CCPA Cookie Consent https:\/\/wordpress.org\/plugins\/complianz-gdpr -->\n<div id=\"cmplz-document\" class=\"cmplz-document impressum cmplz-document-all\"><p><i>Este imprint foi atualizado pela \u00faltima vez em 21\/07\/2025.<\/i><\/p><p class=\"cmplz-subtitle\">O propriet\u00e1rio deste site \u00e9:<\/p><p>Clark Door Private Limited Company<br>Unit F Central, Kingmoor Park, Carlisle, Cumbria, CA6 4SD, United Kingdom<br>Reino Unido<br>E-mail:&nbsp;m&#097;il&#064;&#099;la&#114;&#107;&#100;o&#111;r.&#099;o&#109;<br>Phone number: +44(0)1228522321<br>CPF: &nbsp;533705653<\/p><p class=\"cmplz-subtitle\">O(s) representante(s) legal(is) de Clark Door Private Limited Company:<\/p><p>Andrew Ashley<\/p><h2>1. Geral<\/h2><p>N\u00e3o estamos dispostos ou somos obrigados a participar de procedimentos de resolu\u00e7\u00e3o de lit\u00edgios perante um conselho de arbitragem de consumidores.<\/p><h2>2. As seguintes informa\u00e7\u00f5es s\u00e3o obrigat\u00f3rias de acordo com a lei alem\u00e3.<\/h2><\/div>","protected":false},"excerpt":{"rendered":"","protected":false},"author":1,"featured_media":0,"parent":0,"menu_order":0,"comment_status":"closed","ping_status":"closed","template":"","meta":{"_monsterinsights_skip_tracking":false,"_monsterinsights_sitenote_active":false,"_monsterinsights_sitenote_note":"","_monsterinsights_sitenote_category":0,"_uf_show_specific_survey":0,"_uf_disable_surveys":false,"footnotes":""},"class_list":["post-19750","page","type-page","status-publish"],"yoast_head":"<!-- This site is optimized with the Yoast SEO plugin v26.7 - https:\/\/yoast.com\/wordpress\/plugins\/seo\/ -->\n<title>Imprint - Clark Door<\/title>\n<meta name=\"robots\" content=\"index, follow, max-snippet:-1, max-image-preview:large, max-video-preview:-1\" \/>\n<link rel=\"canonical\" href=\"https:\/\/www.clarkdoor.com\/pt-br\/imprint\/\" \/>\n<meta property=\"og:locale\" content=\"pt_BR\" \/>\n<meta property=\"og:type\" content=\"article\" \/>\n<meta property=\"og:title\" content=\"Imprint - Clark Door\" \/>\n<meta property=\"og:url\" content=\"https:\/\/www.clarkdoor.com\/pt-br\/imprint\/\" \/>\n<meta property=\"og:site_name\" content=\"Clark Door\" \/>\n<meta property=\"article:publisher\" content=\"https:\/\/www.facebook.com\/clarkdoorltd\" \/>\n<meta property=\"og:image\" content=\"https:\/\/www.clarkdoor.com\/wp-content\/uploads\/2023\/04\/R0A9205.jpg\" \/>\n\t<meta property=\"og:image:width\" content=\"1500\" \/>\n\t<meta property=\"og:image:height\" content=\"1000\" \/>\n\t<meta property=\"og:image:type\" content=\"image\/jpeg\" \/>\n<meta name=\"twitter:card\" content=\"summary_large_image\" \/>\n<script type=\"application\/ld+json\" class=\"yoast-schema-graph\">{\"@context\":\"https:\/\/schema.org\",\"@graph\":[{\"@type\":\"WebPage\",\"@id\":\"https:\/\/www.clarkdoor.com\/pt-br\/imprint\/\",\"url\":\"https:\/\/www.clarkdoor.com\/pt-br\/imprint\/\",\"name\":\"Imprint - Clark Door\",\"isPartOf\":{\"@id\":\"https:\/\/www.clarkdoor.com\/pt-br\/#website\"},\"datePublished\":\"2025-07-21T10:04:07+00:00\",\"breadcrumb\":{\"@id\":\"https:\/\/www.clarkdoor.com\/pt-br\/imprint\/#breadcrumb\"},\"inLanguage\":\"pt-BR\",\"potentialAction\":[{\"@type\":\"ReadAction\",\"target\":[\"https:\/\/www.clarkdoor.com\/pt-br\/imprint\/\"]}]},{\"@type\":\"BreadcrumbList\",\"@id\":\"https:\/\/www.clarkdoor.com\/pt-br\/imprint\/#breadcrumb\",\"itemListElement\":[{\"@type\":\"ListItem\",\"position\":1,\"name\":\"Home\",\"item\":\"https:\/\/www.clarkdoor.com\/pt-br\/\"},{\"@type\":\"ListItem\",\"position\":2,\"name\":\"Imprint\"}]},{\"@type\":\"WebSite\",\"@id\":\"https:\/\/www.clarkdoor.com\/pt-br\/#website\",\"url\":\"https:\/\/www.clarkdoor.com\/pt-br\/\",\"name\":\"Clark Door The Market Leader in Special Purpose Door Systems\",\"description\":\"The Market Leader in Special Purpose Door Systems\",\"alternateName\":\"Clark Door\",\"potentialAction\":[{\"@type\":\"SearchAction\",\"target\":{\"@type\":\"EntryPoint\",\"urlTemplate\":\"https:\/\/www.clarkdoor.com\/pt-br\/?s={search_term_string}\"},\"query-input\":{\"@type\":\"PropertyValueSpecification\",\"valueRequired\":true,\"valueName\":\"search_term_string\"}}],\"inLanguage\":\"pt-BR\"}]}<\/script>\n<!-- \/ Yoast SEO plugin. -->","yoast_head_json":{"title":"Imprint - Clark Door","robots":{"index":"index","follow":"follow","max-snippet":"max-snippet:-1","max-image-preview":"max-image-preview:large","max-video-preview":"max-video-preview:-1"},"canonical":"https:\/\/www.clarkdoor.com\/pt-br\/imprint\/","og_locale":"pt_BR","og_type":"article","og_title":"Imprint - Clark Door","og_url":"https:\/\/www.clarkdoor.com\/pt-br\/imprint\/","og_site_name":"Clark Door","article_publisher":"https:\/\/www.facebook.com\/clarkdoorltd","og_image":[{"width":1500,"height":1000,"url":"https:\/\/www.clarkdoor.com\/wp-content\/uploads\/2023\/04\/R0A9205.jpg","type":"image\/jpeg"}],"twitter_card":"summary_large_image","schema":{"@context":"https:\/\/schema.org","@graph":[{"@type":"WebPage","@id":"https:\/\/www.clarkdoor.com\/pt-br\/imprint\/","url":"https:\/\/www.clarkdoor.com\/pt-br\/imprint\/","name":"Imprint - Clark Door","isPartOf":{"@id":"https:\/\/www.clarkdoor.com\/pt-br\/#website"},"datePublished":"2025-07-21T10:04:07+00:00","breadcrumb":{"@id":"https:\/\/www.clarkdoor.com\/pt-br\/imprint\/#breadcrumb"},"inLanguage":"pt-BR","potentialAction":[{"@type":"ReadAction","target":["https:\/\/www.clarkdoor.com\/pt-br\/imprint\/"]}]},{"@type":"BreadcrumbList","@id":"https:\/\/www.clarkdoor.com\/pt-br\/imprint\/#breadcrumb","itemListElement":[{"@type":"ListItem","position":1,"name":"Home","item":"https:\/\/www.clarkdoor.com\/pt-br\/"},{"@type":"ListItem","position":2,"name":"Imprint"}]},{"@type":"WebSite","@id":"https:\/\/www.clarkdoor.com\/pt-br\/#website","url":"https:\/\/www.clarkdoor.com\/pt-br\/","name":"Clark Door The Market Leader in Special Purpose Door Systems","description":"The Market Leader in Special Purpose Door Systems","alternateName":"Clark Door","potentialAction":[{"@type":"SearchAction","target":{"@type":"EntryPoint","urlTemplate":"https:\/\/www.clarkdoor.com\/pt-br\/?s={search_term_string}"},"query-input":{"@type":"PropertyValueSpecification","valueRequired":true,"valueName":"search_term_string"}}],"inLanguage":"pt-BR"}]}},"_links":{"self":[{"href":"https:\/\/www.clarkdoor.com\/pt-br\/wp-json\/wp\/v2\/pages\/19750","targetHints":{"allow":["GET"]}}],"collection":[{"href":"https:\/\/www.clarkdoor.com\/pt-br\/wp-json\/wp\/v2\/pages"}],"about":[{"href":"https:\/\/www.clarkdoor.com\/pt-br\/wp-json\/wp\/v2\/types\/page"}],"author":[{"embeddable":true,"href":"https:\/\/www.clarkdoor.com\/pt-br\/wp-json\/wp\/v2\/users\/1"}],"replies":[{"embeddable":true,"href":"https:\/\/www.clarkdoor.com\/pt-br\/wp-json\/wp\/v2\/comments?post=19750"}],"version-history":[{"count":0,"href":"https:\/\/www.clarkdoor.com\/pt-br\/wp-json\/wp\/v2\/pages\/19750\/revisions"}],"wp:attachment":[{"href":"https:\/\/www.clarkdoor.com\/pt-br\/wp-json\/wp\/v2\/media?parent=19750"}],"curies":[{"name":"wp","href":"https:\/\/api.w.org\/{rel}","templated":true}]}}